{"id":3,"date":"2026-01-20T21:42:53","date_gmt":"2026-01-20T20:42:53","guid":{"rendered":"https:\/\/iebcenter.eu\/?page_id=3"},"modified":"2026-01-22T11:01:40","modified_gmt":"2026-01-22T10:01:40","slug":"polityka-prywatnosci","status":"publish","type":"page","link":"https:\/\/iebcenter.eu\/index.php\/polityka-prywatnosci\/","title":{"rendered":"Polityka prywatno\u015bci"},"content":{"rendered":"\n<h3 class=\"wp-block-heading\">Kim jeste\u015bmy<\/h3>\n\n\n\n<p>Nasza strona internetowa znajduje si\u0119 pod adresem: <a href=\"https:\/\/iebcenter.eu\" target=\"_blank\" rel=\"noreferrer noopener\">https:\/\/iebcenter.eu<\/a>.<\/p>\n\n\n\n<h3 class=\"wp-block-heading\">Komentarze<\/h3>\n\n\n\n<p>Gdy u\u017cytkownik zostawia komentarz na naszej witrynie, gromadzimy informacje podane w formularzu komentarzy, w tym adres IP go\u015bcia oraz sygnatur\u0119 jego przegl\u0105darki, co pomaga w identyfikacji niechcianego spamu.<\/p>\n\n\n\n<p>Zanonimizowany ci\u0105g znak\u00f3w wygenerowany na podstawie Twojego adresu e-mail (okre\u015blany r\u00f3wnie\u017c jako hash) mo\u017ce by\u0107 przekazany do serwisu Gravatar, aby zweryfikowa\u0107, czy jest on w u\u017cyciu. Polityka prywatno\u015bci Gravatar jest dost\u0119pna tutaj: <a href=\"https:\/\/automattic.com\/privacy\/\" target=\"_blank\" rel=\"noreferrer noopener\">https:\/\/automattic.com\/privacy\/<\/a>. Po zaakceptowaniu komentarza, Tw\u00f3j awatar profilowy staje si\u0119 publicznie widoczny w zwi\u0105zku z tym komentarzem.<\/p>\n\n\n\n<h3 class=\"wp-block-heading\">Media<\/h3>\n\n\n\n<p>Je\u015bli jeste\u015b zarejestrowanym u\u017cytkownikiem i przesy\u0142asz obrazy na stron\u0119, zalecamy unikanie plik\u00f3w zawieraj\u0105cych dane EXIF z informacjami o lokalizacji. Osoby odwiedzaj\u0105ce witryn\u0119 mog\u0105 pobra\u0107 te obrazy i wyci\u0105gn\u0105\u0107 z nich pe\u0142ne szczeg\u00f3\u0142y geograficzne.<\/p>\n\n\n\n<h3 class=\"wp-block-heading\">Ciasteczka<\/h3>\n\n\n\n<p>W przypadku dodania komentarza na stronie, mo\u017cesz wybra\u0107 opcj\u0119 zapisania swojej nazwy, adresu e-mail oraz adresu witryny w plikach cookie, co u\u0142atwi uzupe\u0142nianie tych danych przy kolejnych komentarzach. Te pliki cookie trac\u0105 wa\u017cno\u015b\u0107 po up\u0142ywie roku.<\/p>\n\n\n\n<p>Przy wizycie na stronie logowania, generujemy tymczasowy plik cookie, aby sprawdzi\u0107, czy Twoja przegl\u0105darka obs\u0142uguje takie pliki. Nie zawiera on \u017cadnych danych osobowych i jest usuwany po zamkni\u0119ciu przegl\u0105darki.<\/p>\n\n\n\n<p>Podczas procesu logowania, tworzymy dodatkowe pliki cookie do przechowywania danych logowania oraz preferencji interfejsu. Pliki cookie zwi\u0105zane z logowaniem wygasaj\u0105 po dw\u00f3ch dniach, natomiast te dotycz\u0105ce opcji ekranu \u2013 po roku. Je\u015bli wybierzesz funkcj\u0119 \u201eZapami\u0119taj mnie\u201d, sesja logowania przed\u0142u\u017cy si\u0119 do dw\u00f3ch tygodni. Wylogowanie z konta spowoduje usuni\u0119cie tych plik\u00f3w cookie.<\/p>\n\n\n\n<p>W momencie edycji lub publikacji artyku\u0142u, w Twojej przegl\u0105darce zostanie zapisany dodatkowy plik cookie. Nie przechowuje on danych osobowych, a jedynie wskazuje na ID niedawno zmodyfikowanego wpisu. Wygasa po jednym dniu.<\/p>\n\n\n\n<h3 class=\"wp-block-heading\">Osadzone tre\u015bci z innych witryn<\/h3>\n\n\n\n<p>Wpisy na tej stronie mog\u0105 obejmowa\u0107 wbudowane elementy (takie jak wideo, zdj\u0119cia, teksty itp.). Wbudowane tre\u015bci pochodz\u0105ce z zewn\u0119trznych stron dzia\u0142aj\u0105 w podobny spos\u00f3b, jak gdyby\u015b bezpo\u015brednio odwiedzi\u0142 te strony.<\/p>\n\n\n\n<p>Te zewn\u0119trzne witryny mog\u0105 gromadzi\u0107 dane o Tobie, stosowa\u0107 pliki cookie, implementowa\u0107 dodatkowe narz\u0119dzia \u015bledz\u0105ce od stron trzecich oraz monitorowa\u0107 Twoje dzia\u0142ania w stosunku do wbudowanego materia\u0142u, w tym rejestrowa\u0107 interakcje, je\u015bli masz konto i jeste\u015b zalogowany na tamtej platformie.<\/p>\n\n\n\n<h3 class=\"wp-block-heading\">Z kim dzielimy si\u0119 danymi<\/h3>\n\n\n\n<p>W przypadku pro\u015bby o reset has\u0142a, Tw\u00f3j adres IP zostanie w\u0142\u0105czony do wysy\u0142anej wiadomo\u015bci e-mail.<\/p>\n\n\n\n<h3 class=\"wp-block-heading\">Jak d\u0142ugo przechowujemy twoje dane<\/h3>\n\n\n\n<p>Je\u015bli dodasz komentarz, jego zawarto\u015b\u0107 wraz z metadanymi b\u0119dzie przechowywana bezterminowo. Pozwala to na automatyczne rozpoznawanie i aprobowanie kolejnych komentarzy bez potrzeby ich moderacji za ka\u017cdym razem.<\/p>\n\n\n\n<p>Dla zarejestrowanych u\u017cytkownik\u00f3w (o ile tacy istniej\u0105), utrzymujemy tak\u017ce dane osobowe wpisane w profilu. Ka\u017cdy u\u017cytkownik mo\u017ce w dowolnym momencie przegl\u0105da\u0107, edytowa\u0107 lub usun\u0105\u0107 swoje dane osobowe (z wyj\u0105tkiem nazwy u\u017cytkownika, kt\u00f3rej zmiana nie jest mo\u017cliwa). Administratorzy witryny maj\u0105 r\u00f3wnie\u017c dost\u0119p do tych informacji i mog\u0105 je modyfikowa\u0107.<\/p>\n\n\n\n<h3 class=\"wp-block-heading\">Jakie masz prawa do swoich danych<\/h3>\n\n\n\n<p>Je\u015bli posiadasz konto na tej stronie lub doda\u0142e\u015b komentarze, mo\u017cesz wnioskowa\u0107 o otrzymanie pliku z eksportem wszystkich Twoich danych osobowych, kt\u00f3re przechowujemy, w tym tych, kt\u00f3re sam dostarczy\u0142e\u015b. Mo\u017cesz tak\u017ce za\u017c\u0105da\u0107 ca\u0142kowitego usuni\u0119cia Twoich danych osobowych z naszej bazy. Nie obejmuje to jednak informacji, kt\u00f3re musimy zachowa\u0107 ze wzgl\u0119d\u00f3w administracyjnych, prawnych lub bezpiecze\u0144stwa.<\/p>\n\n\n\n<h3 class=\"wp-block-heading\">Gdzie wysy\u0142amy twoje dane<\/h3>\n\n\n\n<p>Komentarze od odwiedzaj\u0105cych mog\u0105 by\u0107 weryfikowane przez automatyczny system antyspamowy.<\/p>\n","protected":false},"excerpt":{"rendered":"<p>Kim jeste\u015bmy Nasza strona internetowa znajduje si\u0119 pod adresem: https:\/\/iebcenter.eu. Komentarze Gdy u\u017cytkownik zostawia komentarz na naszej witrynie, gromadzimy informacje podane w formularzu komentarzy, w tym adres IP go\u015bcia oraz sygnatur\u0119 jego przegl\u0105darki, co pomaga w identyfikacji niechcianego spamu. Zanonimizowany ci\u0105g znak\u00f3w wygenerowany na podstawie Twojego adresu e-mail (okre\u015blany r\u00f3wnie\u017c jako hash) mo\u017ce by\u0107 przekazany &#8230; <a title=\"Polityka prywatno\u015bci\" class=\"read-more\" href=\"https:\/\/iebcenter.eu\/index.php\/polityka-prywatnosci\/\" aria-label=\"Dowiedz si\u0119 wi\u0119cej o Polityka prywatno\u015bci\">Dowiedz si\u0119 wi\u0119cej<\/a><\/p>\n","protected":false},"author":1,"featured_media":0,"parent":0,"menu_order":0,"comment_status":"closed","ping_status":"open","template":"","meta":{"footnotes":""},"class_list":["post-3","page","type-page","status-publish"],"_links":{"self":[{"href":"https:\/\/iebcenter.eu\/index.php\/wp-json\/wp\/v2\/pages\/3","targetHints":{"allow":["GET"]}}],"collection":[{"href":"https:\/\/iebcenter.eu\/index.php\/wp-json\/wp\/v2\/pages"}],"about":[{"href":"https:\/\/iebcenter.eu\/index.php\/wp-json\/wp\/v2\/types\/page"}],"author":[{"embeddable":true,"href":"https:\/\/iebcenter.eu\/index.php\/wp-json\/wp\/v2\/users\/1"}],"replies":[{"embeddable":true,"href":"https:\/\/iebcenter.eu\/index.php\/wp-json\/wp\/v2\/comments?post=3"}],"version-history":[{"count":1,"href":"https:\/\/iebcenter.eu\/index.php\/wp-json\/wp\/v2\/pages\/3\/revisions"}],"predecessor-version":[{"id":8,"href":"https:\/\/iebcenter.eu\/index.php\/wp-json\/wp\/v2\/pages\/3\/revisions\/8"}],"wp:attachment":[{"href":"https:\/\/iebcenter.eu\/index.php\/wp-json\/wp\/v2\/media?parent=3"}],"curies":[{"name":"wp","href":"https:\/\/api.w.org\/{rel}","templated":true}]}}